{"id":540,"date":"2020-01-08T13:22:39","date_gmt":"2020-01-08T13:22:39","guid":{"rendered":"https:\/\/langaroo.wpengine.com\/cancellation-policy\/"},"modified":"2023-10-02T14:18:59","modified_gmt":"2023-10-02T14:18:59","slug":"cancellation-policy","status":"publish","type":"page","link":"https:\/\/langaroo.com\/fr\/cancellation-policy\/","title":{"rendered":"Politique D\u2019annulation"},"content":{"rendered":"<p><strong>Annulation<\/strong><\/p>\n<p>Nous voulons que vous soyez satisfaits de nos services ! Si vous rencontrez des probl\u00e8mes avec votre cours, veuillez contacter notre service client qui se chargera de vous venir en aide.<\/p>\n<p><a href=\"https:\/\/lp.eteachergroup.com\/lp-student-terms-and-conditions-fr.html\">https:\/\/lp.eteachergroup.com\/lp-student-terms-and-conditions-fr.html<\/a><\/p>\n<p><strong>Changement d\u2019horaire et accessibilit\u00e9 aux cours particuliers<\/strong><\/p>\n<p>Si vous souhaitez modifier l\u2019horaire d\u2019un cours particulier, veuillez en informer votre enseignant.e ou le service client\u00e8le (<a href=\"mailto:service@eteachergroup.com\">service@eteachergroup.com<\/a>) 12 heures au moins avant la le\u00e7on pr\u00e9vue. Toute le\u00e7on annul\u00e9e sans pr\u00e9avis sera d\u00e9duite du nombre d\u2019heures de cours auxquelles l\u2019\u00e9l\u00e8ve a droit. Le forfait de cours particuliers est valable un an \u00e0 compter de la date d\u2019inscription.<\/p>\n<p><strong>**Si vous vous \u00eates inscrit avant le 08\/04\/2023,\u00a0<a href=\"https:\/\/langaroo.com\/fr\/politique-dannulation-2-lecons-dessai\/\"><u>cliquez ici<\/u><\/a>.<\/strong><\/p>\n","protected":false},"excerpt":{"rendered":"<p>Annulation Nous voulons que vous soyez satisfaits de nos services ! Si vous rencontrez des probl\u00e8mes avec votre cours, veuillez contacter notre service client qui se chargera de vous venir en aide. https:\/\/lp.eteachergroup.com\/lp-student-terms-and-conditions-fr.html Changement d\u2019horaire et accessibilit\u00e9 aux cours particuliers Si vous souhaitez modifier l\u2019horaire d\u2019un cours particulier, veuillez en informer votre enseignant.e ou le [&hellip;]<\/p>\n","protected":false},"author":13,"featured_media":0,"parent":0,"menu_order":0,"comment_status":"closed","ping_status":"closed","template":"","meta":{"_acf_changed":false,"inline_featured_image":false,"footnotes":""},"class_list":["post-540","page","type-page","status-publish","hentry"],"acf":[],"yoast_head":"<!-- This site is optimized with the Yoast SEO plugin v25.0 - https:\/\/yoast.com\/wordpress\/plugins\/seo\/ -->\n<title>Politique D\u2019annulation - Langaroo - Mon professeur particulier d&#039;anglais<\/title>\n<meta name=\"description\" content=\"Politique D\u2019annulation - Langaroo - Mon professeur particulier d&#039;anglais\" \/>\n<meta name=\"robots\" content=\"index, follow, max-snippet:-1, max-image-preview:large, max-video-preview:-1\" \/>\n<link rel=\"canonical\" href=\"https:\/\/langaroo.com\/fr\/cancellation-policy\/\" \/>\n<meta name=\"twitter:label1\" content=\"Dur\u00e9e de lecture estim\u00e9e\" \/>\n\t<meta name=\"twitter:data1\" content=\"1 minute\" \/>\n<script type=\"application\/ld+json\" class=\"yoast-schema-graph\">{\"@context\":\"https:\/\/schema.org\",\"@graph\":[{\"@type\":\"WebPage\",\"@id\":\"https:\/\/langaroo.com\/fr\/cancellation-policy\/\",\"url\":\"https:\/\/langaroo.com\/fr\/cancellation-policy\/\",\"name\":\"Politique D\u2019annulation - Langaroo - Mon professeur particulier d&#039;anglais\",\"isPartOf\":{\"@id\":\"https:\/\/langaroo.com\/#website\"},\"datePublished\":\"2020-01-08T13:22:39+00:00\",\"dateModified\":\"2023-10-02T14:18:59+00:00\",\"description\":\"Politique D\u2019annulation - Langaroo - Mon professeur particulier d&#039;anglais\",\"breadcrumb\":{\"@id\":\"https:\/\/langaroo.com\/fr\/cancellation-policy\/#breadcrumb\"},\"inLanguage\":\"fr-FR\",\"potentialAction\":[{\"@type\":\"ReadAction\",\"target\":[\"https:\/\/langaroo.com\/fr\/cancellation-policy\/\"]}]},{\"@type\":\"BreadcrumbList\",\"@id\":\"https:\/\/langaroo.com\/fr\/cancellation-policy\/#breadcrumb\",\"itemListElement\":[{\"@type\":\"ListItem\",\"position\":1,\"name\":\"Home\",\"item\":\"https:\/\/langaroo.com\/fr\/\"},{\"@type\":\"ListItem\",\"position\":2,\"name\":\"Politique D\u2019annulation\"}]},{\"@type\":\"WebSite\",\"@id\":\"https:\/\/langaroo.com\/#website\",\"url\":\"https:\/\/langaroo.com\/\",\"name\":\"Langaroo - Mon professeur particulier d&#039;anglais\",\"description\":\"Des cours en ligne et en direct avec des enseignants certifi\u00e9s pour les enfants de 5 \u00e0 11 ans.\",\"potentialAction\":[{\"@type\":\"SearchAction\",\"target\":{\"@type\":\"EntryPoint\",\"urlTemplate\":\"https:\/\/langaroo.com\/?s={search_term_string}\"},\"query-input\":{\"@type\":\"PropertyValueSpecification\",\"valueRequired\":true,\"valueName\":\"search_term_string\"}}],\"inLanguage\":\"fr-FR\"}]}<\/script>\n<!-- \/ Yoast SEO plugin. -->","yoast_head_json":{"title":"Politique D\u2019annulation - Langaroo - Mon professeur particulier d&#039;anglais","description":"Politique D\u2019annulation - Langaroo - Mon professeur particulier d&#039;anglais","robots":{"index":"index","follow":"follow","max-snippet":"max-snippet:-1","max-image-preview":"max-image-preview:large","max-video-preview":"max-video-preview:-1"},"canonical":"https:\/\/langaroo.com\/fr\/cancellation-policy\/","twitter_misc":{"Dur\u00e9e de lecture estim\u00e9e":"1 minute"},"schema":{"@context":"https:\/\/schema.org","@graph":[{"@type":"WebPage","@id":"https:\/\/langaroo.com\/fr\/cancellation-policy\/","url":"https:\/\/langaroo.com\/fr\/cancellation-policy\/","name":"Politique D\u2019annulation - Langaroo - Mon professeur particulier d&#039;anglais","isPartOf":{"@id":"https:\/\/langaroo.com\/#website"},"datePublished":"2020-01-08T13:22:39+00:00","dateModified":"2023-10-02T14:18:59+00:00","description":"Politique D\u2019annulation - Langaroo - Mon professeur particulier d&#039;anglais","breadcrumb":{"@id":"https:\/\/langaroo.com\/fr\/cancellation-policy\/#breadcrumb"},"inLanguage":"fr-FR","potentialAction":[{"@type":"ReadAction","target":["https:\/\/langaroo.com\/fr\/cancellation-policy\/"]}]},{"@type":"BreadcrumbList","@id":"https:\/\/langaroo.com\/fr\/cancellation-policy\/#breadcrumb","itemListElement":[{"@type":"ListItem","position":1,"name":"Home","item":"https:\/\/langaroo.com\/fr\/"},{"@type":"ListItem","position":2,"name":"Politique D\u2019annulation"}]},{"@type":"WebSite","@id":"https:\/\/langaroo.com\/#website","url":"https:\/\/langaroo.com\/","name":"Langaroo - Mon professeur particulier d&#039;anglais","description":"Des cours en ligne et en direct avec des enseignants certifi\u00e9s pour les enfants de 5 \u00e0 11 ans.","potentialAction":[{"@type":"SearchAction","target":{"@type":"EntryPoint","urlTemplate":"https:\/\/langaroo.com\/?s={search_term_string}"},"query-input":{"@type":"PropertyValueSpecification","valueRequired":true,"valueName":"search_term_string"}}],"inLanguage":"fr-FR"}]}},"_links":{"self":[{"href":"https:\/\/langaroo.com\/fr\/wp-json\/wp\/v2\/pages\/540","targetHints":{"allow":["GET"]}}],"collection":[{"href":"https:\/\/langaroo.com\/fr\/wp-json\/wp\/v2\/pages"}],"about":[{"href":"https:\/\/langaroo.com\/fr\/wp-json\/wp\/v2\/types\/page"}],"author":[{"embeddable":true,"href":"https:\/\/langaroo.com\/fr\/wp-json\/wp\/v2\/users\/13"}],"replies":[{"embeddable":true,"href":"https:\/\/langaroo.com\/fr\/wp-json\/wp\/v2\/comments?post=540"}],"version-history":[{"count":0,"href":"https:\/\/langaroo.com\/fr\/wp-json\/wp\/v2\/pages\/540\/revisions"}],"wp:attachment":[{"href":"https:\/\/langaroo.com\/fr\/wp-json\/wp\/v2\/media?parent=540"}],"curies":[{"name":"wp","href":"https:\/\/api.w.org\/{rel}","templated":true}]}}