{"id":3159,"date":"2023-04-09T10:11:43","date_gmt":"2023-04-09T10:11:43","guid":{"rendered":"https:\/\/langaroostg.wpengine.com\/?page_id=3159"},"modified":"2023-10-02T14:20:42","modified_gmt":"2023-10-02T14:20:42","slug":"politica-de-cancelacion-2-lecciones-de-prueba","status":"publish","type":"page","link":"https:\/\/langaroo.com\/es\/politica-de-cancelacion-2-lecciones-de-prueba\/","title":{"rendered":"Pol\u00edtica de cancelaci\u00f3n &#8211; 2 lecciones de prueba"},"content":{"rendered":"<div id=\"content\" class=\"site-content\">\n<section class=\"default-page\">\n<div class=\"container\">\n<article id=\"post-542\" class=\"post-542 page type-page status-publish hentry\">\n<div class=\"entry-content\">\n<p><strong>Clases Privadas<\/strong><\/p>\n<p>\u00a1Queremos que est\u00e9s a gusto! Si tienes alguna duda, consulta o inconveniente con el curso, cont\u00e1ctanos a trav\u00e9s de nuestro equipo de Atenci\u00f3n al cliente y con gusto te asistiremos.<\/p>\n<p><a href=\"https:\/\/lp.eteachergroup.com\/lp-student-terms-and-conditions-es.html\">https:\/\/lp.eteachergroup.com\/lp-student-terms-and-conditions-es.html<\/a><\/p>\n<p><strong>Reprogramaci\u00f3n y acceso a las clases particulares<\/strong><br \/>\nSi deseas reagendar una clase particular informa a tu instructor o al Servicio de Atenci\u00f3n al Cliente de Langaroo (<a href=\"mailto:service@eteachergroup.com\">service@eteachergroup.com<\/a>) al menos 12 horas antes de la clase programada. Las clases canceladas sin notificaci\u00f3n previa se deducir\u00e1n del n\u00famero total de horas a las que tiene derecho el estudiante. El paquete de clases particulares es v\u00e1lido por hasta un a\u00f1o a partir del d\u00eda de la inscripci\u00f3n.<\/p>\n<\/div>\n<\/article>\n<\/div>\n<\/section>\n<\/div>\n","protected":false},"excerpt":{"rendered":"<p>Clases Privadas \u00a1Queremos que est\u00e9s a gusto! Si tienes alguna duda, consulta o inconveniente con el curso, cont\u00e1ctanos a trav\u00e9s de nuestro equipo de Atenci\u00f3n al cliente y con gusto te asistiremos. https:\/\/lp.eteachergroup.com\/lp-student-terms-and-conditions-es.html Reprogramaci\u00f3n y acceso a las clases particulares Si deseas reagendar una clase particular informa a tu instructor o al Servicio de Atenci\u00f3n [&hellip;]<\/p>\n","protected":false},"author":6,"featured_media":0,"parent":0,"menu_order":0,"comment_status":"closed","ping_status":"closed","template":"","meta":{"_acf_changed":false,"inline_featured_image":false,"footnotes":""},"class_list":["post-3159","page","type-page","status-publish","hentry"],"acf":[],"yoast_head":"<!-- This site is optimized with the Yoast SEO plugin v25.0 - https:\/\/yoast.com\/wordpress\/plugins\/seo\/ -->\n<title>Pol\u00edtica de cancelaci\u00f3n - 2 lecciones de prueba - Langaroo - Mi profesor particular de ingl\u00e9s<\/title>\n<meta name=\"description\" content=\"Pol\u00edtica de cancelaci\u00f3n - 2 lecciones de prueba - Langaroo - Mi profesor particular de ingl\u00e9s\" \/>\n<meta name=\"robots\" content=\"index, follow, max-snippet:-1, max-image-preview:large, max-video-preview:-1\" \/>\n<link rel=\"canonical\" href=\"https:\/\/langaroo.com\/es\/politica-de-cancelacion-2-lecciones-de-prueba\/\" \/>\n<meta name=\"twitter:label1\" content=\"Tiempo de lectura\" \/>\n\t<meta name=\"twitter:data1\" content=\"1 minuto\" \/>\n<script type=\"application\/ld+json\" class=\"yoast-schema-graph\">{\"@context\":\"https:\/\/schema.org\",\"@graph\":[{\"@type\":\"WebPage\",\"@id\":\"https:\/\/langaroo.com\/es\/politica-de-cancelacion-2-lecciones-de-prueba\/\",\"url\":\"https:\/\/langaroo.com\/es\/politica-de-cancelacion-2-lecciones-de-prueba\/\",\"name\":\"Pol\u00edtica de cancelaci\u00f3n - 2 lecciones de prueba - Langaroo - Mi profesor particular de ingl\u00e9s\",\"isPartOf\":{\"@id\":\"https:\/\/langaroo.com\/#website\"},\"datePublished\":\"2023-04-09T10:11:43+00:00\",\"dateModified\":\"2023-10-02T14:20:42+00:00\",\"description\":\"Pol\u00edtica de cancelaci\u00f3n - 2 lecciones de prueba - Langaroo - Mi profesor particular de ingl\u00e9s\",\"breadcrumb\":{\"@id\":\"https:\/\/langaroo.com\/es\/politica-de-cancelacion-2-lecciones-de-prueba\/#breadcrumb\"},\"inLanguage\":\"es\",\"potentialAction\":[{\"@type\":\"ReadAction\",\"target\":[\"https:\/\/langaroo.com\/es\/politica-de-cancelacion-2-lecciones-de-prueba\/\"]}]},{\"@type\":\"BreadcrumbList\",\"@id\":\"https:\/\/langaroo.com\/es\/politica-de-cancelacion-2-lecciones-de-prueba\/#breadcrumb\",\"itemListElement\":[{\"@type\":\"ListItem\",\"position\":1,\"name\":\"Home\",\"item\":\"https:\/\/langaroo.com\/es\/\"},{\"@type\":\"ListItem\",\"position\":2,\"name\":\"Pol\u00edtica de cancelaci\u00f3n &#8211; 2 lecciones de prueba\"}]},{\"@type\":\"WebSite\",\"@id\":\"https:\/\/langaroo.com\/#website\",\"url\":\"https:\/\/langaroo.com\/\",\"name\":\"Langaroo - Mi profesor particular de ingl\u00e9s\",\"description\":\"Lecciones en vivo y en l\u00ednea con profesores certificados, para ni\u00f1os de 5 a 11 a\u00f1os.\",\"potentialAction\":[{\"@type\":\"SearchAction\",\"target\":{\"@type\":\"EntryPoint\",\"urlTemplate\":\"https:\/\/langaroo.com\/?s={search_term_string}\"},\"query-input\":{\"@type\":\"PropertyValueSpecification\",\"valueRequired\":true,\"valueName\":\"search_term_string\"}}],\"inLanguage\":\"es\"}]}<\/script>\n<!-- \/ Yoast SEO plugin. -->","yoast_head_json":{"title":"Pol\u00edtica de cancelaci\u00f3n - 2 lecciones de prueba - Langaroo - Mi profesor particular de ingl\u00e9s","description":"Pol\u00edtica de cancelaci\u00f3n - 2 lecciones de prueba - Langaroo - Mi profesor particular de ingl\u00e9s","robots":{"index":"index","follow":"follow","max-snippet":"max-snippet:-1","max-image-preview":"max-image-preview:large","max-video-preview":"max-video-preview:-1"},"canonical":"https:\/\/langaroo.com\/es\/politica-de-cancelacion-2-lecciones-de-prueba\/","twitter_misc":{"Tiempo de lectura":"1 minuto"},"schema":{"@context":"https:\/\/schema.org","@graph":[{"@type":"WebPage","@id":"https:\/\/langaroo.com\/es\/politica-de-cancelacion-2-lecciones-de-prueba\/","url":"https:\/\/langaroo.com\/es\/politica-de-cancelacion-2-lecciones-de-prueba\/","name":"Pol\u00edtica de cancelaci\u00f3n - 2 lecciones de prueba - Langaroo - Mi profesor particular de ingl\u00e9s","isPartOf":{"@id":"https:\/\/langaroo.com\/#website"},"datePublished":"2023-04-09T10:11:43+00:00","dateModified":"2023-10-02T14:20:42+00:00","description":"Pol\u00edtica de cancelaci\u00f3n - 2 lecciones de prueba - Langaroo - Mi profesor particular de ingl\u00e9s","breadcrumb":{"@id":"https:\/\/langaroo.com\/es\/politica-de-cancelacion-2-lecciones-de-prueba\/#breadcrumb"},"inLanguage":"es","potentialAction":[{"@type":"ReadAction","target":["https:\/\/langaroo.com\/es\/politica-de-cancelacion-2-lecciones-de-prueba\/"]}]},{"@type":"BreadcrumbList","@id":"https:\/\/langaroo.com\/es\/politica-de-cancelacion-2-lecciones-de-prueba\/#breadcrumb","itemListElement":[{"@type":"ListItem","position":1,"name":"Home","item":"https:\/\/langaroo.com\/es\/"},{"@type":"ListItem","position":2,"name":"Pol\u00edtica de cancelaci\u00f3n &#8211; 2 lecciones de prueba"}]},{"@type":"WebSite","@id":"https:\/\/langaroo.com\/#website","url":"https:\/\/langaroo.com\/","name":"Langaroo - Mi profesor particular de ingl\u00e9s","description":"Lecciones en vivo y en l\u00ednea con profesores certificados, para ni\u00f1os de 5 a 11 a\u00f1os.","potentialAction":[{"@type":"SearchAction","target":{"@type":"EntryPoint","urlTemplate":"https:\/\/langaroo.com\/?s={search_term_string}"},"query-input":{"@type":"PropertyValueSpecification","valueRequired":true,"valueName":"search_term_string"}}],"inLanguage":"es"}]}},"_links":{"self":[{"href":"https:\/\/langaroo.com\/es\/wp-json\/wp\/v2\/pages\/3159","targetHints":{"allow":["GET"]}}],"collection":[{"href":"https:\/\/langaroo.com\/es\/wp-json\/wp\/v2\/pages"}],"about":[{"href":"https:\/\/langaroo.com\/es\/wp-json\/wp\/v2\/types\/page"}],"author":[{"embeddable":true,"href":"https:\/\/langaroo.com\/es\/wp-json\/wp\/v2\/users\/6"}],"replies":[{"embeddable":true,"href":"https:\/\/langaroo.com\/es\/wp-json\/wp\/v2\/comments?post=3159"}],"version-history":[{"count":0,"href":"https:\/\/langaroo.com\/es\/wp-json\/wp\/v2\/pages\/3159\/revisions"}],"wp:attachment":[{"href":"https:\/\/langaroo.com\/es\/wp-json\/wp\/v2\/media?parent=3159"}],"curies":[{"name":"wp","href":"https:\/\/api.w.org\/{rel}","templated":true}]}}