{"id":2281,"date":"2022-07-11T08:34:40","date_gmt":"2022-07-11T08:34:40","guid":{"rendered":"https:\/\/langaroostg.wpengine.com\/home-page-collaboration\/"},"modified":"2022-08-18T17:06:06","modified_gmt":"2022-08-18T17:06:06","slug":"home-page-collaboration","status":"publish","type":"page","link":"https:\/\/langaroo.com\/es\/home-page-collaboration\/","title":{"rendered":"Home page &#8211; Collaboration"},"content":{"rendered":"","protected":false},"excerpt":{"rendered":"","protected":false},"author":5,"featured_media":0,"parent":0,"menu_order":0,"comment_status":"closed","ping_status":"closed","template":"page-home-collaboration.php","meta":{"_acf_changed":false,"inline_featured_image":false,"footnotes":""},"class_list":["post-2281","page","type-page","status-publish","hentry"],"acf":[],"yoast_head":"<!-- This site is optimized with the Yoast SEO plugin v25.0 - https:\/\/yoast.com\/wordpress\/plugins\/seo\/ -->\n<title>Langaroo - English Lessons for Children and Youth<\/title>\n<meta name=\"description\" content=\"Live online lessons with certified teachers, for children aged 5-14. English is easier, when they start learning early!\" \/>\n<meta name=\"robots\" content=\"index, follow, max-snippet:-1, max-image-preview:large, max-video-preview:-1\" \/>\n<link rel=\"canonical\" href=\"https:\/\/langaroo.com\/es\/\" \/>\n<script type=\"application\/ld+json\" class=\"yoast-schema-graph\">{\"@context\":\"https:\/\/schema.org\",\"@graph\":[{\"@type\":\"WebPage\",\"@id\":\"https:\/\/langaroo.com\/es\/\",\"url\":\"https:\/\/langaroo.com\/es\/\",\"name\":\"Langaroo - English Lessons for Children and Youth\",\"isPartOf\":{\"@id\":\"https:\/\/langaroo.com\/#website\"},\"datePublished\":\"2022-07-11T08:34:40+00:00\",\"dateModified\":\"2022-08-18T17:06:06+00:00\",\"description\":\"Live online lessons with certified teachers, for children aged 5-14. English is easier, when they start learning early!\",\"breadcrumb\":{\"@id\":\"https:\/\/langaroo.com\/es\/#breadcrumb\"},\"inLanguage\":\"es\",\"potentialAction\":[{\"@type\":\"ReadAction\",\"target\":[\"https:\/\/langaroo.com\/es\/\"]}]},{\"@type\":\"BreadcrumbList\",\"@id\":\"https:\/\/langaroo.com\/es\/#breadcrumb\",\"itemListElement\":[{\"@type\":\"ListItem\",\"position\":1,\"name\":\"Home\",\"item\":\"https:\/\/langaroo.com\/es\/\"},{\"@type\":\"ListItem\",\"position\":2,\"name\":\"Home page &#8211; Collaboration\"}]},{\"@type\":\"WebSite\",\"@id\":\"https:\/\/langaroo.com\/#website\",\"url\":\"https:\/\/langaroo.com\/\",\"name\":\"Langaroo - Mi profesor particular de ingl\u00e9s\",\"description\":\"Lecciones en vivo y en l\u00ednea con profesores certificados, para ni\u00f1os de 5 a 11 a\u00f1os.\",\"potentialAction\":[{\"@type\":\"SearchAction\",\"target\":{\"@type\":\"EntryPoint\",\"urlTemplate\":\"https:\/\/langaroo.com\/?s={search_term_string}\"},\"query-input\":{\"@type\":\"PropertyValueSpecification\",\"valueRequired\":true,\"valueName\":\"search_term_string\"}}],\"inLanguage\":\"es\"}]}<\/script>\n<!-- \/ Yoast SEO plugin. -->","yoast_head_json":{"title":"Langaroo - English Lessons for Children and Youth","description":"Live online lessons with certified teachers, for children aged 5-14. English is easier, when they start learning early!","robots":{"index":"index","follow":"follow","max-snippet":"max-snippet:-1","max-image-preview":"max-image-preview:large","max-video-preview":"max-video-preview:-1"},"canonical":"https:\/\/langaroo.com\/es\/","schema":{"@context":"https:\/\/schema.org","@graph":[{"@type":"WebPage","@id":"https:\/\/langaroo.com\/es\/","url":"https:\/\/langaroo.com\/es\/","name":"Langaroo - English Lessons for Children and Youth","isPartOf":{"@id":"https:\/\/langaroo.com\/#website"},"datePublished":"2022-07-11T08:34:40+00:00","dateModified":"2022-08-18T17:06:06+00:00","description":"Live online lessons with certified teachers, for children aged 5-14. English is easier, when they start learning early!","breadcrumb":{"@id":"https:\/\/langaroo.com\/es\/#breadcrumb"},"inLanguage":"es","potentialAction":[{"@type":"ReadAction","target":["https:\/\/langaroo.com\/es\/"]}]},{"@type":"BreadcrumbList","@id":"https:\/\/langaroo.com\/es\/#breadcrumb","itemListElement":[{"@type":"ListItem","position":1,"name":"Home","item":"https:\/\/langaroo.com\/es\/"},{"@type":"ListItem","position":2,"name":"Home page &#8211; Collaboration"}]},{"@type":"WebSite","@id":"https:\/\/langaroo.com\/#website","url":"https:\/\/langaroo.com\/","name":"Langaroo - Mi profesor particular de ingl\u00e9s","description":"Lecciones en vivo y en l\u00ednea con profesores certificados, para ni\u00f1os de 5 a 11 a\u00f1os.","potentialAction":[{"@type":"SearchAction","target":{"@type":"EntryPoint","urlTemplate":"https:\/\/langaroo.com\/?s={search_term_string}"},"query-input":{"@type":"PropertyValueSpecification","valueRequired":true,"valueName":"search_term_string"}}],"inLanguage":"es"}]}},"_links":{"self":[{"href":"https:\/\/langaroo.com\/es\/wp-json\/wp\/v2\/pages\/2281","targetHints":{"allow":["GET"]}}],"collection":[{"href":"https:\/\/langaroo.com\/es\/wp-json\/wp\/v2\/pages"}],"about":[{"href":"https:\/\/langaroo.com\/es\/wp-json\/wp\/v2\/types\/page"}],"author":[{"embeddable":true,"href":"https:\/\/langaroo.com\/es\/wp-json\/wp\/v2\/users\/5"}],"replies":[{"embeddable":true,"href":"https:\/\/langaroo.com\/es\/wp-json\/wp\/v2\/comments?post=2281"}],"version-history":[{"count":0,"href":"https:\/\/langaroo.com\/es\/wp-json\/wp\/v2\/pages\/2281\/revisions"}],"wp:attachment":[{"href":"https:\/\/langaroo.com\/es\/wp-json\/wp\/v2\/media?parent=2281"}],"curies":[{"name":"wp","href":"https:\/\/api.w.org\/{rel}","templated":true}]}}